{"id":2471,"date":"2018-06-04T15:06:18","date_gmt":"2018-06-04T13:06:18","guid":{"rendered":"https:\/\/btm.sk\/WP\/?post_type=product&#038;p=2471"},"modified":"2025-01-24T15:04:24","modified_gmt":"2025-01-24T14:04:24","slug":"laskavost-2","status":"publish","type":"product","link":"https:\/\/btm.sk\/WP\/produkt\/laskavost-2\/","title":{"rendered":"l\u00e1skavos\u0165"},"content":{"rendered":"","protected":false},"excerpt":{"rendered":"<p>Chr\u00e1\u0148te v sebe poklad, ktor\u00fdm je l\u00e1skavos\u0165. Nau\u010dte sa d\u00e1va\u0165 bez v\u00e1hania, str\u00e1ca\u0165 bez \u017eia\u013eu a z\u00edskava\u0165 bez lakomstva.. Minipoh\u013eadnica je doplnen\u00e9 ver\u0161om z Knihy pr\u00edslov\u00ed 21,21.<\/p>\n","protected":false},"featured_media":2472,"comment_status":"closed","ping_status":"closed","template":"","meta":[],"_links":{"self":[{"href":"https:\/\/btm.sk\/WP\/wp-json\/wp\/v2\/product\/2471"}],"collection":[{"href":"https:\/\/btm.sk\/WP\/wp-json\/wp\/v2\/product"}],"about":[{"href":"https:\/\/btm.sk\/WP\/wp-json\/wp\/v2\/types\/product"}],"replies":[{"embeddable":true,"href":"https:\/\/btm.sk\/WP\/wp-json\/wp\/v2\/comments?post=2471"}],"wp:featuredmedia":[{"embeddable":true,"href":"https:\/\/btm.sk\/WP\/wp-json\/wp\/v2\/media\/2472"}],"wp:attachment":[{"href":"https:\/\/btm.sk\/WP\/wp-json\/wp\/v2\/media?parent=2471"}],"curies":[{"name":"wp","href":"https:\/\/api.w.org\/{rel}","templated":true}]}}