{"id":2441,"date":"2018-06-04T13:36:58","date_gmt":"2018-06-04T11:36:58","guid":{"rendered":"https:\/\/btm.sk\/WP\/?post_type=product&#038;p=2441"},"modified":"2025-02-10T15:34:38","modified_gmt":"2025-02-10T14:34:38","slug":"magnetka-motyl","status":"publish","type":"product","link":"https:\/\/btm.sk\/WP\/produkt\/magnetka-motyl\/","title":{"rendered":"magnetka &#8211; mot\u00fd\u013e"},"content":{"rendered":"","protected":false},"excerpt":{"rendered":"<p>Magnetka (rozmer 5&#215;6 cm) s biblick\u00fdm\u00a0ver\u0161om zo \u017dalmu 16,1.<\/p>\n","protected":false},"featured_media":2442,"comment_status":"closed","ping_status":"closed","template":"","meta":[],"_links":{"self":[{"href":"https:\/\/btm.sk\/WP\/wp-json\/wp\/v2\/product\/2441"}],"collection":[{"href":"https:\/\/btm.sk\/WP\/wp-json\/wp\/v2\/product"}],"about":[{"href":"https:\/\/btm.sk\/WP\/wp-json\/wp\/v2\/types\/product"}],"replies":[{"embeddable":true,"href":"https:\/\/btm.sk\/WP\/wp-json\/wp\/v2\/comments?post=2441"}],"wp:featuredmedia":[{"embeddable":true,"href":"https:\/\/btm.sk\/WP\/wp-json\/wp\/v2\/media\/2442"}],"wp:attachment":[{"href":"https:\/\/btm.sk\/WP\/wp-json\/wp\/v2\/media?parent=2441"}],"curies":[{"name":"wp","href":"https:\/\/api.w.org\/{rel}","templated":true}]}}