{"id":2428,"date":"2018-06-12T13:04:52","date_gmt":"2018-06-12T11:04:52","guid":{"rendered":"https:\/\/btm.sk\/WP\/?post_type=product&#038;p=2428"},"modified":"2025-02-10T15:34:26","modified_gmt":"2025-02-10T14:34:26","slug":"2428","status":"publish","type":"product","link":"https:\/\/btm.sk\/WP\/produkt\/2428\/","title":{"rendered":"magnetka &#8211; div\u00fd mak"},"content":{"rendered":"","protected":false},"excerpt":{"rendered":"<p>Magnetka (rozmer 5&#215;6 cm) &#8211; s biblick\u00fdm ver\u0161om zo \u017dalmu 46,9.<\/p>\n","protected":false},"featured_media":2429,"comment_status":"closed","ping_status":"closed","template":"","meta":[],"_links":{"self":[{"href":"https:\/\/btm.sk\/WP\/wp-json\/wp\/v2\/product\/2428"}],"collection":[{"href":"https:\/\/btm.sk\/WP\/wp-json\/wp\/v2\/product"}],"about":[{"href":"https:\/\/btm.sk\/WP\/wp-json\/wp\/v2\/types\/product"}],"replies":[{"embeddable":true,"href":"https:\/\/btm.sk\/WP\/wp-json\/wp\/v2\/comments?post=2428"}],"wp:featuredmedia":[{"embeddable":true,"href":"https:\/\/btm.sk\/WP\/wp-json\/wp\/v2\/media\/2429"}],"wp:attachment":[{"href":"https:\/\/btm.sk\/WP\/wp-json\/wp\/v2\/media?parent=2428"}],"curies":[{"name":"wp","href":"https:\/\/api.w.org\/{rel}","templated":true}]}}