{"id":2420,"date":"2018-06-13T12:56:15","date_gmt":"2018-06-13T10:56:15","guid":{"rendered":"https:\/\/btm.sk\/WP\/?post_type=product&#038;p=2420"},"modified":"2024-02-08T18:06:03","modified_gmt":"2024-02-08T17:06:03","slug":"doveruj","status":"publish","type":"product","link":"https:\/\/btm.sk\/WP\/produkt\/doveruj\/","title":{"rendered":"D\u00f4veruj!"},"content":{"rendered":"","protected":false},"excerpt":{"rendered":"<p>Slov\u00e1 d\u00f4very &#8211; takej prepotrebnej pre n\u00e1\u0161 \u017eivot. V bro\u017e\u00farke n\u00e1jdete nieko\u013eko\u00a0zamyslen\u00ed uveden\u00fdch \u00fastredn\u00fdm biblick\u00fdm ver\u0161om. V z\u00e1vere ka\u017edej \u00favahy je\u00a0kr\u00e1tka modlitba.<\/p>\n","protected":false},"featured_media":2421,"comment_status":"closed","ping_status":"closed","template":"","meta":[],"_links":{"self":[{"href":"https:\/\/btm.sk\/WP\/wp-json\/wp\/v2\/product\/2420"}],"collection":[{"href":"https:\/\/btm.sk\/WP\/wp-json\/wp\/v2\/product"}],"about":[{"href":"https:\/\/btm.sk\/WP\/wp-json\/wp\/v2\/types\/product"}],"replies":[{"embeddable":true,"href":"https:\/\/btm.sk\/WP\/wp-json\/wp\/v2\/comments?post=2420"}],"wp:featuredmedia":[{"embeddable":true,"href":"https:\/\/btm.sk\/WP\/wp-json\/wp\/v2\/media\/2421"}],"wp:attachment":[{"href":"https:\/\/btm.sk\/WP\/wp-json\/wp\/v2\/media?parent=2420"}],"curies":[{"name":"wp","href":"https:\/\/api.w.org\/{rel}","templated":true}]}}