{"id":1499,"date":"2017-12-13T18:02:41","date_gmt":"2017-12-13T17:02:41","guid":{"rendered":"http:\/\/btm.sk\/WP\/produkt\/magnetka-dieta\/"},"modified":"2026-02-19T14:35:34","modified_gmt":"2026-02-19T13:35:34","slug":"magnetka-dieta","status":"publish","type":"product","link":"https:\/\/btm.sk\/WP\/produkt\/magnetka-dieta\/","title":{"rendered":"magnetka &#8211; die\u0165a"},"content":{"rendered":"","protected":false},"excerpt":{"rendered":"<p>Magnetka (rozmer 5&#215;6 cm) &#8211; s biblick\u00fdm ver\u0161om zo \u017dalmu 4,9.<\/p>\n","protected":false},"featured_media":2489,"comment_status":"closed","ping_status":"closed","template":"","meta":[],"_links":{"self":[{"href":"https:\/\/btm.sk\/WP\/wp-json\/wp\/v2\/product\/1499"}],"collection":[{"href":"https:\/\/btm.sk\/WP\/wp-json\/wp\/v2\/product"}],"about":[{"href":"https:\/\/btm.sk\/WP\/wp-json\/wp\/v2\/types\/product"}],"replies":[{"embeddable":true,"href":"https:\/\/btm.sk\/WP\/wp-json\/wp\/v2\/comments?post=1499"}],"wp:featuredmedia":[{"embeddable":true,"href":"https:\/\/btm.sk\/WP\/wp-json\/wp\/v2\/media\/2489"}],"wp:attachment":[{"href":"https:\/\/btm.sk\/WP\/wp-json\/wp\/v2\/media?parent=1499"}],"curies":[{"name":"wp","href":"https:\/\/api.w.org\/{rel}","templated":true}]}}