{"id":1497,"date":"2017-12-13T18:02:38","date_gmt":"2017-12-13T17:02:38","guid":{"rendered":"http:\/\/btm.sk\/WP\/produkt\/magnetka-klematis\/"},"modified":"2026-02-19T14:35:34","modified_gmt":"2026-02-19T13:35:34","slug":"magnetka-klematis","status":"publish","type":"product","link":"https:\/\/btm.sk\/WP\/produkt\/magnetka-klematis\/","title":{"rendered":"magnetka &#8211; klematis"},"content":{"rendered":"","protected":false},"excerpt":{"rendered":"<p>Magnetka (rozmer 5&#215;6 cm) s biblick\u00fdm ver\u0161om z 1. listu Tesalonick\u00fdm 5,16-18: St\u00e1le sa radujte, neprestajne sa modlite! Za v\u0161etko \u010fakujte&#8230;<\/p>\n","protected":false},"featured_media":2510,"comment_status":"closed","ping_status":"closed","template":"","meta":[],"_links":{"self":[{"href":"https:\/\/btm.sk\/WP\/wp-json\/wp\/v2\/product\/1497"}],"collection":[{"href":"https:\/\/btm.sk\/WP\/wp-json\/wp\/v2\/product"}],"about":[{"href":"https:\/\/btm.sk\/WP\/wp-json\/wp\/v2\/types\/product"}],"replies":[{"embeddable":true,"href":"https:\/\/btm.sk\/WP\/wp-json\/wp\/v2\/comments?post=1497"}],"wp:featuredmedia":[{"embeddable":true,"href":"https:\/\/btm.sk\/WP\/wp-json\/wp\/v2\/media\/2510"}],"wp:attachment":[{"href":"https:\/\/btm.sk\/WP\/wp-json\/wp\/v2\/media?parent=1497"}],"curies":[{"name":"wp","href":"https:\/\/api.w.org\/{rel}","templated":true}]}}