{"id":1477,"date":"2017-12-13T17:27:08","date_gmt":"2017-12-13T16:27:08","guid":{"rendered":"http:\/\/btm.sk\/WP\/produkt\/prefikana-kukucka\/"},"modified":"2025-07-04T09:35:19","modified_gmt":"2025-07-04T07:35:19","slug":"prefikana-kukucka","status":"publish","type":"product","link":"https:\/\/btm.sk\/WP\/produkt\/prefikana-kukucka\/","title":{"rendered":"pref\u00edkan\u00e1 kuku\u010dka"},"content":{"rendered":"","protected":false},"excerpt":{"rendered":"<p>Karti\u010dka pre najmen\u0161\u00edch s b\u00e1sni\u010dkou O. Koudelovej a biblick\u00fdm ver\u0161om z 3. knihy Moj\u017ei\u0161ovej 19,11.<\/p>\n","protected":false},"featured_media":2515,"comment_status":"closed","ping_status":"closed","template":"","meta":[],"_links":{"self":[{"href":"https:\/\/btm.sk\/WP\/wp-json\/wp\/v2\/product\/1477"}],"collection":[{"href":"https:\/\/btm.sk\/WP\/wp-json\/wp\/v2\/product"}],"about":[{"href":"https:\/\/btm.sk\/WP\/wp-json\/wp\/v2\/types\/product"}],"replies":[{"embeddable":true,"href":"https:\/\/btm.sk\/WP\/wp-json\/wp\/v2\/comments?post=1477"}],"wp:featuredmedia":[{"embeddable":true,"href":"https:\/\/btm.sk\/WP\/wp-json\/wp\/v2\/media\/2515"}],"wp:attachment":[{"href":"https:\/\/btm.sk\/WP\/wp-json\/wp\/v2\/media?parent=1477"}],"curies":[{"name":"wp","href":"https:\/\/api.w.org\/{rel}","templated":true}]}}