{"id":1435,"date":"2017-12-13T16:20:26","date_gmt":"2017-12-13T15:20:26","guid":{"rendered":"http:\/\/btm.sk\/WP\/produkt\/kvapka-lasky\/"},"modified":"2025-03-04T15:12:25","modified_gmt":"2025-03-04T14:12:25","slug":"kvapka-lasky","status":"publish","type":"product","link":"https:\/\/btm.sk\/WP\/produkt\/kvapka-lasky\/","title":{"rendered":"kvapka l\u00e1sky"},"content":{"rendered":"","protected":false},"excerpt":{"rendered":"<p>Mal\u00e1 karti\u010dka s biblick\u00fdmi ver\u0161ami z ev. Marka 12,29-31.<\/p>\n","protected":false},"featured_media":2505,"comment_status":"closed","ping_status":"closed","template":"","meta":[],"_links":{"self":[{"href":"https:\/\/btm.sk\/WP\/wp-json\/wp\/v2\/product\/1435"}],"collection":[{"href":"https:\/\/btm.sk\/WP\/wp-json\/wp\/v2\/product"}],"about":[{"href":"https:\/\/btm.sk\/WP\/wp-json\/wp\/v2\/types\/product"}],"replies":[{"embeddable":true,"href":"https:\/\/btm.sk\/WP\/wp-json\/wp\/v2\/comments?post=1435"}],"wp:featuredmedia":[{"embeddable":true,"href":"https:\/\/btm.sk\/WP\/wp-json\/wp\/v2\/media\/2505"}],"wp:attachment":[{"href":"https:\/\/btm.sk\/WP\/wp-json\/wp\/v2\/media?parent=1435"}],"curies":[{"name":"wp","href":"https:\/\/api.w.org\/{rel}","templated":true}]}}