{"id":1221,"date":"2017-12-02T22:09:56","date_gmt":"2017-12-02T21:09:56","guid":{"rendered":"http:\/\/btm.sk\/WP\/produkt\/magnetka-lienka\/"},"modified":"2025-12-15T20:31:00","modified_gmt":"2025-12-15T19:31:00","slug":"magnetka-lienka","status":"publish","type":"product","link":"https:\/\/btm.sk\/WP\/produkt\/magnetka-lienka\/","title":{"rendered":"magnetka &#8211; lienka"},"content":{"rendered":"","protected":false},"excerpt":{"rendered":"<p>Magnetka (rozmer 5&#215;6 cm) s biblick\u00fdm ver\u0161om zo \u017dalmu 34,9.<\/p>\n","protected":false},"featured_media":2760,"comment_status":"closed","ping_status":"closed","template":"","meta":[],"_links":{"self":[{"href":"https:\/\/btm.sk\/WP\/wp-json\/wp\/v2\/product\/1221"}],"collection":[{"href":"https:\/\/btm.sk\/WP\/wp-json\/wp\/v2\/product"}],"about":[{"href":"https:\/\/btm.sk\/WP\/wp-json\/wp\/v2\/types\/product"}],"replies":[{"embeddable":true,"href":"https:\/\/btm.sk\/WP\/wp-json\/wp\/v2\/comments?post=1221"}],"wp:featuredmedia":[{"embeddable":true,"href":"https:\/\/btm.sk\/WP\/wp-json\/wp\/v2\/media\/2760"}],"wp:attachment":[{"href":"https:\/\/btm.sk\/WP\/wp-json\/wp\/v2\/media?parent=1221"}],"curies":[{"name":"wp","href":"https:\/\/api.w.org\/{rel}","templated":true}]}}