{"id":1212,"date":"2017-12-02T22:09:54","date_gmt":"2017-12-02T21:09:54","guid":{"rendered":"http:\/\/btm.sk\/WP\/produkt\/sikana\/"},"modified":"2025-11-27T11:58:12","modified_gmt":"2025-11-27T10:58:12","slug":"sikana","status":"publish","type":"product","link":"https:\/\/btm.sk\/WP\/produkt\/sikana\/","title":{"rendered":"\u0161ikana"},"content":{"rendered":"","protected":false},"excerpt":{"rendered":"<p>\u0160ikanu m\u00f4\u017ee za\u017ei\u0165 ktoko\u013evek a v akomko\u013evek veku. \u0160ikanovan\u00fd \u010dlovek \u017eije v neust\u00e1lom strese a neistote, m\u00e1va zl\u00fa n\u00e1ladu, str\u00e1ca optimizmus a chu\u0165 do \u017eivota. Av\u0161ak ka\u017ed\u00fd \u010dlovek m\u00e1 pr\u00e1vo na sebaur\u010denie a individualitu, a preto je \u0161ikana t\u00fdm najhor\u0161\u00edm d\u00f4kazom \u00fabohosti a intolerancie.<\/p>\n","protected":false},"featured_media":2771,"comment_status":"closed","ping_status":"closed","template":"","meta":[],"_links":{"self":[{"href":"https:\/\/btm.sk\/WP\/wp-json\/wp\/v2\/product\/1212"}],"collection":[{"href":"https:\/\/btm.sk\/WP\/wp-json\/wp\/v2\/product"}],"about":[{"href":"https:\/\/btm.sk\/WP\/wp-json\/wp\/v2\/types\/product"}],"replies":[{"embeddable":true,"href":"https:\/\/btm.sk\/WP\/wp-json\/wp\/v2\/comments?post=1212"}],"wp:featuredmedia":[{"embeddable":true,"href":"https:\/\/btm.sk\/WP\/wp-json\/wp\/v2\/media\/2771"}],"wp:attachment":[{"href":"https:\/\/btm.sk\/WP\/wp-json\/wp\/v2\/media?parent=1212"}],"curies":[{"name":"wp","href":"https:\/\/api.w.org\/{rel}","templated":true}]}}