{"id":1211,"date":"2017-12-02T22:09:54","date_gmt":"2017-12-02T21:09:54","guid":{"rendered":"http:\/\/btm.sk\/WP\/produkt\/zavistlivy-pstros\/"},"modified":"2025-07-04T09:35:20","modified_gmt":"2025-07-04T07:35:20","slug":"zavistlivy-pstros","status":"publish","type":"product","link":"https:\/\/btm.sk\/WP\/produkt\/zavistlivy-pstros\/","title":{"rendered":"z\u00e1vistliv\u00fd p\u0161tros"},"content":{"rendered":"","protected":false},"excerpt":{"rendered":"<p>Karti\u010dka pre najmen\u0161\u00edch s b\u00e1sni\u010dkou O. Koudelovej o malom p\u0161tros\u00edkovi a s biblick\u00fdm ver\u0161om z listu Galatsk\u00fdm 5,26: Nepachtime po m\u00e1rnej sl\u00e1ve, nedr\u00e1\u017edime sa navz\u00e1jom, nez\u00e1vi\u010fme jeden druh\u00e9mu.<\/p>\n","protected":false},"featured_media":2708,"comment_status":"closed","ping_status":"closed","template":"","meta":[],"_links":{"self":[{"href":"https:\/\/btm.sk\/WP\/wp-json\/wp\/v2\/product\/1211"}],"collection":[{"href":"https:\/\/btm.sk\/WP\/wp-json\/wp\/v2\/product"}],"about":[{"href":"https:\/\/btm.sk\/WP\/wp-json\/wp\/v2\/types\/product"}],"replies":[{"embeddable":true,"href":"https:\/\/btm.sk\/WP\/wp-json\/wp\/v2\/comments?post=1211"}],"wp:featuredmedia":[{"embeddable":true,"href":"https:\/\/btm.sk\/WP\/wp-json\/wp\/v2\/media\/2708"}],"wp:attachment":[{"href":"https:\/\/btm.sk\/WP\/wp-json\/wp\/v2\/media?parent=1211"}],"curies":[{"name":"wp","href":"https:\/\/api.w.org\/{rel}","templated":true}]}}