{"id":1210,"date":"2017-12-02T22:09:53","date_gmt":"2017-12-02T21:09:53","guid":{"rendered":"http:\/\/btm.sk\/WP\/produkt\/magnetka-cesta\/"},"modified":"2025-02-10T15:35:34","modified_gmt":"2025-02-10T14:35:34","slug":"magnetka-cesta","status":"publish","type":"product","link":"https:\/\/btm.sk\/WP\/produkt\/magnetka-cesta\/","title":{"rendered":"magnetka &#8211; cesta"},"content":{"rendered":"","protected":false},"excerpt":{"rendered":"<p>Magnetka (rozmer 5&#215;6 cm) s biblick\u00fdm ver\u0161om z Ev. J\u00e1na 14,6: Je\u017ei\u0161 mu povedal: Ja som cesta, pravda i \u017eivot. Nik nepr\u00edde k Otcovi, iba cezo m\u0148a.<\/p>\n","protected":false},"featured_media":2761,"comment_status":"closed","ping_status":"closed","template":"","meta":[],"_links":{"self":[{"href":"https:\/\/btm.sk\/WP\/wp-json\/wp\/v2\/product\/1210"}],"collection":[{"href":"https:\/\/btm.sk\/WP\/wp-json\/wp\/v2\/product"}],"about":[{"href":"https:\/\/btm.sk\/WP\/wp-json\/wp\/v2\/types\/product"}],"replies":[{"embeddable":true,"href":"https:\/\/btm.sk\/WP\/wp-json\/wp\/v2\/comments?post=1210"}],"wp:featuredmedia":[{"embeddable":true,"href":"https:\/\/btm.sk\/WP\/wp-json\/wp\/v2\/media\/2761"}],"wp:attachment":[{"href":"https:\/\/btm.sk\/WP\/wp-json\/wp\/v2\/media?parent=1210"}],"curies":[{"name":"wp","href":"https:\/\/api.w.org\/{rel}","templated":true}]}}