{"id":1196,"date":"2017-12-02T22:09:51","date_gmt":"2017-12-02T21:09:51","guid":{"rendered":"http:\/\/btm.sk\/WP\/produkt\/magnetka-svieca\/"},"modified":"2025-02-10T15:35:44","modified_gmt":"2025-02-10T14:35:44","slug":"magnetka-svieca","status":"publish","type":"product","link":"https:\/\/btm.sk\/WP\/produkt\/magnetka-svieca\/","title":{"rendered":"magnetka &#8211; svieca"},"content":{"rendered":"","protected":false},"excerpt":{"rendered":"<p>Magnetka (rozmer 5&#215;6 cm) s biblick\u00fdm ver\u0161om zo \u017dalmu 119,105.<\/p>\n","protected":false},"featured_media":2762,"comment_status":"closed","ping_status":"closed","template":"","meta":[],"_links":{"self":[{"href":"https:\/\/btm.sk\/WP\/wp-json\/wp\/v2\/product\/1196"}],"collection":[{"href":"https:\/\/btm.sk\/WP\/wp-json\/wp\/v2\/product"}],"about":[{"href":"https:\/\/btm.sk\/WP\/wp-json\/wp\/v2\/types\/product"}],"replies":[{"embeddable":true,"href":"https:\/\/btm.sk\/WP\/wp-json\/wp\/v2\/comments?post=1196"}],"wp:featuredmedia":[{"embeddable":true,"href":"https:\/\/btm.sk\/WP\/wp-json\/wp\/v2\/media\/2762"}],"wp:attachment":[{"href":"https:\/\/btm.sk\/WP\/wp-json\/wp\/v2\/media?parent=1196"}],"curies":[{"name":"wp","href":"https:\/\/api.w.org\/{rel}","templated":true}]}}