{"id":1190,"date":"2017-12-02T22:09:50","date_gmt":"2017-12-02T21:09:50","guid":{"rendered":"http:\/\/btm.sk\/WP\/produkt\/maly-stromcek\/"},"modified":"2025-12-05T08:43:08","modified_gmt":"2025-12-05T07:43:08","slug":"maly-stromcek","status":"publish","type":"product","link":"https:\/\/btm.sk\/WP\/produkt\/maly-stromcek\/","title":{"rendered":"Mal\u00fd strom\u010dek"},"content":{"rendered":"","protected":false},"excerpt":{"rendered":"<p>Kr\u00e1tky pr\u00edbeh pre najmen\u0161\u00edch rozpr\u00e1va o malom strom\u010deku, ktor\u00fd sa dostal z lesa medzi deti a v\u0161eli\u010do sa od nich dozvedel. Text je doplnen\u00fd obr\u00e1zkami a pr\u00edbehom o Je\u017ei\u0161ovom naroden\u00ed pod\u013ea Luk\u00e1\u0161ovho a Mat\u00fa\u0161ovho evanjelia.<\/p>\n","protected":false},"featured_media":2581,"comment_status":"closed","ping_status":"closed","template":"","meta":[],"_links":{"self":[{"href":"https:\/\/btm.sk\/WP\/wp-json\/wp\/v2\/product\/1190"}],"collection":[{"href":"https:\/\/btm.sk\/WP\/wp-json\/wp\/v2\/product"}],"about":[{"href":"https:\/\/btm.sk\/WP\/wp-json\/wp\/v2\/types\/product"}],"replies":[{"embeddable":true,"href":"https:\/\/btm.sk\/WP\/wp-json\/wp\/v2\/comments?post=1190"}],"wp:featuredmedia":[{"embeddable":true,"href":"https:\/\/btm.sk\/WP\/wp-json\/wp\/v2\/media\/2581"}],"wp:attachment":[{"href":"https:\/\/btm.sk\/WP\/wp-json\/wp\/v2\/media?parent=1190"}],"curies":[{"name":"wp","href":"https:\/\/api.w.org\/{rel}","templated":true}]}}