{"id":1174,"date":"2017-12-02T22:09:47","date_gmt":"2017-12-02T21:09:47","guid":{"rendered":"http:\/\/btm.sk\/WP\/produkt\/tvrdohlavy-oslik\/"},"modified":"2025-07-04T09:35:20","modified_gmt":"2025-07-04T07:35:20","slug":"tvrdohlavy-oslik","status":"publish","type":"product","link":"https:\/\/btm.sk\/WP\/produkt\/tvrdohlavy-oslik\/","title":{"rendered":"tvrdohlav\u00fd osl\u00edk"},"content":{"rendered":"","protected":false},"excerpt":{"rendered":"<p>Nov\u00e1 b\u00e1sni\u010dka od Old\u0159i\u0161ky Koudelovej, tento raz o za\u0165atom osl\u00edkovi a jeho p\u00e1novi, ktor\u00fd sa k nemu v\u017edy spr\u00e1val s l\u00e1skou. B\u00e1sni\u010dka je doplnen\u00e1 ver\u0161\u00edkom z knihy Pr\u00edslov\u00ed 3,11-12.<\/p>\n","protected":false},"featured_media":2710,"comment_status":"closed","ping_status":"closed","template":"","meta":[],"_links":{"self":[{"href":"https:\/\/btm.sk\/WP\/wp-json\/wp\/v2\/product\/1174"}],"collection":[{"href":"https:\/\/btm.sk\/WP\/wp-json\/wp\/v2\/product"}],"about":[{"href":"https:\/\/btm.sk\/WP\/wp-json\/wp\/v2\/types\/product"}],"replies":[{"embeddable":true,"href":"https:\/\/btm.sk\/WP\/wp-json\/wp\/v2\/comments?post=1174"}],"wp:featuredmedia":[{"embeddable":true,"href":"https:\/\/btm.sk\/WP\/wp-json\/wp\/v2\/media\/2710"}],"wp:attachment":[{"href":"https:\/\/btm.sk\/WP\/wp-json\/wp\/v2\/media?parent=1174"}],"curies":[{"name":"wp","href":"https:\/\/api.w.org\/{rel}","templated":true}]}}