{"id":1164,"date":"2017-12-02T22:09:44","date_gmt":"2017-12-02T21:09:44","guid":{"rendered":"http:\/\/btm.sk\/WP\/produkt\/rodinna-modlitebna-kocka\/"},"modified":"2024-06-24T11:28:33","modified_gmt":"2024-06-24T09:28:33","slug":"rodinna-modlitebna-kocka","status":"publish","type":"product","link":"https:\/\/btm.sk\/WP\/produkt\/rodinna-modlitebna-kocka\/","title":{"rendered":"rodinn\u00e1 modlitebn\u00e1 kocka"},"content":{"rendered":"","protected":false},"excerpt":{"rendered":"<p>Na tejto kocke n\u00e1jdete \u0161es\u0165 kr\u00e1tkych modlitieb. Ver\u00edme, \u017ee sa stan\u00fa tak\u00fdm mal\u00fdm pomocn\u00edkom pri o\u017eiven\u00ed zabudnut\u00fdch modlitebn\u00fdch \u201eritu\u00e1lov\u201c a mo\u017eno aj pri upev\u0148ovan\u00ed partnersk\u00fdch vz\u0165ahov, alebo aspo\u0148 navodia snahu otvori\u0165 nerie\u0161en\u00e9 probl\u00e9my&#8230;<\/p>\n","protected":false},"featured_media":2611,"comment_status":"closed","ping_status":"closed","template":"","meta":[],"_links":{"self":[{"href":"https:\/\/btm.sk\/WP\/wp-json\/wp\/v2\/product\/1164"}],"collection":[{"href":"https:\/\/btm.sk\/WP\/wp-json\/wp\/v2\/product"}],"about":[{"href":"https:\/\/btm.sk\/WP\/wp-json\/wp\/v2\/types\/product"}],"replies":[{"embeddable":true,"href":"https:\/\/btm.sk\/WP\/wp-json\/wp\/v2\/comments?post=1164"}],"wp:featuredmedia":[{"embeddable":true,"href":"https:\/\/btm.sk\/WP\/wp-json\/wp\/v2\/media\/2611"}],"wp:attachment":[{"href":"https:\/\/btm.sk\/WP\/wp-json\/wp\/v2\/media?parent=1164"}],"curies":[{"name":"wp","href":"https:\/\/api.w.org\/{rel}","templated":true}]}}