{"id":1158,"date":"2017-12-02T22:09:42","date_gmt":"2017-12-02T21:09:42","guid":{"rendered":"http:\/\/btm.sk\/WP\/produkt\/modlitby-za-pokrm-a-kazdodenne-dary\/"},"modified":"2024-06-24T11:28:47","modified_gmt":"2024-06-24T09:28:47","slug":"modlitby-za-pokrm-a-kazdodenne-dary","status":"publish","type":"product","link":"https:\/\/btm.sk\/WP\/produkt\/modlitby-za-pokrm-a-kazdodenne-dary\/","title":{"rendered":"Modlitby za pokrm a ka\u017edodenn\u00e9 dary"},"content":{"rendered":"","protected":false},"excerpt":{"rendered":"<p>Ka\u017ed\u00e9 stretnutie \u010dlenov rodiny pri prestretom stole je vz\u00e1cnou pr\u00edle\u017eitos\u0165ou na spolo\u010dne pre\u017eit\u00e9 chv\u00edle a spolo\u010dn\u00fa modlitbu. M\u00e1 z\u00e1sadn\u00fd vplyv na du-chovn\u00fa v\u00fdchovu a vedenie det\u00ed, a to u\u017e od naj\u00fatlej\u0161ieho veku. Pr\u00e1ve preto sme pre v\u00e1s pripravili t\u00fato modlitebn\u00fa kocku s kratu\u010dk\u00fdmi modlitbami. Nech v\u00e1m dobre sl\u00fa\u017ei.<\/p>\n","protected":false},"featured_media":2734,"comment_status":"closed","ping_status":"closed","template":"","meta":[],"_links":{"self":[{"href":"https:\/\/btm.sk\/WP\/wp-json\/wp\/v2\/product\/1158"}],"collection":[{"href":"https:\/\/btm.sk\/WP\/wp-json\/wp\/v2\/product"}],"about":[{"href":"https:\/\/btm.sk\/WP\/wp-json\/wp\/v2\/types\/product"}],"replies":[{"embeddable":true,"href":"https:\/\/btm.sk\/WP\/wp-json\/wp\/v2\/comments?post=1158"}],"wp:featuredmedia":[{"embeddable":true,"href":"https:\/\/btm.sk\/WP\/wp-json\/wp\/v2\/media\/2734"}],"wp:attachment":[{"href":"https:\/\/btm.sk\/WP\/wp-json\/wp\/v2\/media?parent=1158"}],"curies":[{"name":"wp","href":"https:\/\/api.w.org\/{rel}","templated":true}]}}