{"id":1156,"date":"2017-12-02T22:09:41","date_gmt":"2017-12-02T21:09:41","guid":{"rendered":"http:\/\/btm.sk\/WP\/produkt\/verne-labute\/"},"modified":"2025-07-04T09:35:20","modified_gmt":"2025-07-04T07:35:20","slug":"verne-labute","status":"publish","type":"product","link":"https:\/\/btm.sk\/WP\/produkt\/verne-labute\/","title":{"rendered":"vern\u00e9 labute"},"content":{"rendered":"","protected":false},"excerpt":{"rendered":"<p>\u010eal\u0161ia karti\u010dka pre najmen\u0161\u00edch s b\u00e1sni\u010dkou O. Koudelovej, tento raz o vern\u00fdch labutiach, s biblick\u00fdm ver\u0161om z knihy Pr\u00edslov\u00ed 3,3.<\/p>\n","protected":false},"featured_media":2711,"comment_status":"closed","ping_status":"closed","template":"","meta":[],"_links":{"self":[{"href":"https:\/\/btm.sk\/WP\/wp-json\/wp\/v2\/product\/1156"}],"collection":[{"href":"https:\/\/btm.sk\/WP\/wp-json\/wp\/v2\/product"}],"about":[{"href":"https:\/\/btm.sk\/WP\/wp-json\/wp\/v2\/types\/product"}],"replies":[{"embeddable":true,"href":"https:\/\/btm.sk\/WP\/wp-json\/wp\/v2\/comments?post=1156"}],"wp:featuredmedia":[{"embeddable":true,"href":"https:\/\/btm.sk\/WP\/wp-json\/wp\/v2\/media\/2711"}],"wp:attachment":[{"href":"https:\/\/btm.sk\/WP\/wp-json\/wp\/v2\/media?parent=1156"}],"curies":[{"name":"wp","href":"https:\/\/api.w.org\/{rel}","templated":true}]}}