{"id":1148,"date":"2017-12-02T22:09:40","date_gmt":"2017-12-02T21:09:40","guid":{"rendered":"http:\/\/btm.sk\/WP\/produkt\/nalomena-trstina\/"},"modified":"2024-02-08T18:08:18","modified_gmt":"2024-02-08T17:08:18","slug":"nalomena-trstina","status":"publish","type":"product","link":"https:\/\/btm.sk\/WP\/produkt\/nalomena-trstina\/","title":{"rendered":"Nalomen\u00e1 trstina"},"content":{"rendered":"","protected":false},"excerpt":{"rendered":"<p>Znova v ponuke! Ob\u013e\u00faben\u00e1 bro\u017e\u00farka s povzbudzuj\u00facimi modlitbami od S. Kaczmarczyka ur\u010den\u00fdmi chor\u00fdm a utr\u00e1pen\u00fdm. Je vhodn\u00e1 do nemocn\u00edc, lek\u00e1rn\u00ed a \u010dak\u00e1rn\u00ed, a na \u010fal\u0161ie miesta, kde sa stret\u00e1vame s chor\u00fdmi. Ur\u010dite ju budete vedie\u0165 vhodne vyu\u017ei\u0165.<\/p>\n","protected":false},"featured_media":2602,"comment_status":"closed","ping_status":"closed","template":"","meta":[],"_links":{"self":[{"href":"https:\/\/btm.sk\/WP\/wp-json\/wp\/v2\/product\/1148"}],"collection":[{"href":"https:\/\/btm.sk\/WP\/wp-json\/wp\/v2\/product"}],"about":[{"href":"https:\/\/btm.sk\/WP\/wp-json\/wp\/v2\/types\/product"}],"replies":[{"embeddable":true,"href":"https:\/\/btm.sk\/WP\/wp-json\/wp\/v2\/comments?post=1148"}],"wp:featuredmedia":[{"embeddable":true,"href":"https:\/\/btm.sk\/WP\/wp-json\/wp\/v2\/media\/2602"}],"wp:attachment":[{"href":"https:\/\/btm.sk\/WP\/wp-json\/wp\/v2\/media?parent=1148"}],"curies":[{"name":"wp","href":"https:\/\/api.w.org\/{rel}","templated":true}]}}