{"id":1147,"date":"2017-12-02T22:09:40","date_gmt":"2017-12-02T21:09:40","guid":{"rendered":"http:\/\/btm.sk\/WP\/produkt\/moj-svet-je-plny-kamaratov-samolepky\/"},"modified":"2025-02-10T15:44:08","modified_gmt":"2025-02-10T14:44:08","slug":"moj-svet-je-plny-kamaratov-samolepky","status":"publish","type":"product","link":"https:\/\/btm.sk\/WP\/produkt\/moj-svet-je-plny-kamaratov-samolepky\/","title":{"rendered":"M\u00f4j svet je pln\u00fd kamar\u00e1tov &#8211; samolepky"},"content":{"rendered":"","protected":false},"excerpt":{"rendered":"<p>Aj tento rok sme pre deti na pr\u00e1zdniny pripravili samolepky \u2013 kr\u00e1sne ma\u013eovan\u00e9 obr\u00e1zky. Ver\u00edme, \u017ee sa de\u0165om bud\u00fa p\u00e1\u010di\u0165 a \u017ee im aj pripomen\u00fa, ko\u013eko maj\u00fa okolo seba skvel\u00fdch kamar\u00e1tov.<\/p>\n","protected":false},"featured_media":2731,"comment_status":"closed","ping_status":"closed","template":"","meta":[],"_links":{"self":[{"href":"https:\/\/btm.sk\/WP\/wp-json\/wp\/v2\/product\/1147"}],"collection":[{"href":"https:\/\/btm.sk\/WP\/wp-json\/wp\/v2\/product"}],"about":[{"href":"https:\/\/btm.sk\/WP\/wp-json\/wp\/v2\/types\/product"}],"replies":[{"embeddable":true,"href":"https:\/\/btm.sk\/WP\/wp-json\/wp\/v2\/comments?post=1147"}],"wp:featuredmedia":[{"embeddable":true,"href":"https:\/\/btm.sk\/WP\/wp-json\/wp\/v2\/media\/2731"}],"wp:attachment":[{"href":"https:\/\/btm.sk\/WP\/wp-json\/wp\/v2\/media?parent=1147"}],"curies":[{"name":"wp","href":"https:\/\/api.w.org\/{rel}","templated":true}]}}