{"id":1136,"date":"2017-12-02T22:09:35","date_gmt":"2017-12-02T21:09:35","guid":{"rendered":"http:\/\/btm.sk\/WP\/produkt\/vianocne-samolepky\/"},"modified":"2025-02-10T15:44:19","modified_gmt":"2025-02-10T14:44:19","slug":"vianocne-samolepky","status":"publish","type":"product","link":"https:\/\/btm.sk\/WP\/produkt\/vianocne-samolepky\/","title":{"rendered":"viano\u010dn\u00e9 samolepky"},"content":{"rendered":"","protected":false},"excerpt":{"rendered":"<p>Samolepky s viano\u010dn\u00fdmi mot\u00edvmi \u2013 deti ich m\u00f4\u017eu vyu\u017ei\u0165 ako menovky na svoje dar\u010deky alebo aj celkom in\u00fdm sp\u00f4sobom.<\/p>\n","protected":false},"featured_media":2584,"comment_status":"closed","ping_status":"closed","template":"","meta":[],"_links":{"self":[{"href":"https:\/\/btm.sk\/WP\/wp-json\/wp\/v2\/product\/1136"}],"collection":[{"href":"https:\/\/btm.sk\/WP\/wp-json\/wp\/v2\/product"}],"about":[{"href":"https:\/\/btm.sk\/WP\/wp-json\/wp\/v2\/types\/product"}],"replies":[{"embeddable":true,"href":"https:\/\/btm.sk\/WP\/wp-json\/wp\/v2\/comments?post=1136"}],"wp:featuredmedia":[{"embeddable":true,"href":"https:\/\/btm.sk\/WP\/wp-json\/wp\/v2\/media\/2584"}],"wp:attachment":[{"href":"https:\/\/btm.sk\/WP\/wp-json\/wp\/v2\/media?parent=1136"}],"curies":[{"name":"wp","href":"https:\/\/api.w.org\/{rel}","templated":true}]}}