{"id":1130,"date":"2017-12-02T22:09:32","date_gmt":"2017-12-02T21:09:32","guid":{"rendered":"http:\/\/btm.sk\/WP\/produkt\/ked-nastane-cas-smutit\/"},"modified":"2025-02-10T15:49:59","modified_gmt":"2025-02-10T14:49:59","slug":"ked-nastane-cas-smutit","status":"publish","type":"product","link":"https:\/\/btm.sk\/WP\/produkt\/ked-nastane-cas-smutit\/","title":{"rendered":"Ke\u010f nastane \u010das sm\u00fati\u0165"},"content":{"rendered":"","protected":false},"excerpt":{"rendered":"<p>Prepotrebn\u00e1 bro\u017e\u00farka, ktor\u00e1 pon\u00faka pomoc po\u010das prv\u00fdch t\u00fd\u017ed\u0148ov a mesiacov po strate bl\u00edzkeho \u010dloveka. Nie je to v\u0161eliek na sm\u00fatok a tr\u00e1penie, ale uk\u00e1\u017ee na niektor\u00e9 podstatn\u00e9 veci a, ver\u00edme, \u017ee bude pre sm\u00fatiacich a pozostal\u00fdch aspo\u0148 malou oporou a uisten\u00edm, \u017ee to, \u010do c\u00edtia, je norm\u00e1lne, a \u017ee v tom v\u0161etkom nie s\u00fa sami. Autorkami tejto ve\u013emi praktickej bro\u017e\u00farky s\u00fa M. Pr\u00e1\u0161ilov\u00e1 a N. Kacianov\u00e1.<\/p>\n","protected":false},"featured_media":2603,"comment_status":"closed","ping_status":"closed","template":"","meta":[],"_links":{"self":[{"href":"https:\/\/btm.sk\/WP\/wp-json\/wp\/v2\/product\/1130"}],"collection":[{"href":"https:\/\/btm.sk\/WP\/wp-json\/wp\/v2\/product"}],"about":[{"href":"https:\/\/btm.sk\/WP\/wp-json\/wp\/v2\/types\/product"}],"replies":[{"embeddable":true,"href":"https:\/\/btm.sk\/WP\/wp-json\/wp\/v2\/comments?post=1130"}],"wp:featuredmedia":[{"embeddable":true,"href":"https:\/\/btm.sk\/WP\/wp-json\/wp\/v2\/media\/2603"}],"wp:attachment":[{"href":"https:\/\/btm.sk\/WP\/wp-json\/wp\/v2\/media?parent=1130"}],"curies":[{"name":"wp","href":"https:\/\/api.w.org\/{rel}","templated":true}]}}