{"id":1120,"date":"2017-12-02T22:09:29","date_gmt":"2017-12-02T21:09:29","guid":{"rendered":"http:\/\/btm.sk\/WP\/produkt\/nezabudni\/"},"modified":"2025-02-17T10:34:13","modified_gmt":"2025-02-17T09:34:13","slug":"nezabudni","status":"publish","type":"product","link":"https:\/\/btm.sk\/WP\/produkt\/nezabudni\/","title":{"rendered":"Nezabudni!"},"content":{"rendered":"","protected":false},"excerpt":{"rendered":"<p>Novinka \u2013 mal\u00fd z\u00e1pisn\u00ed\u010dek s biblick\u00fdmi ver\u0161\u00edkmi na ka\u017edom liste. Mal\u00e9 z\u00e1pisn\u00ed\u010dky s\u00fa ve\u013emi ob\u013e\u00faben\u00e9, ur\u010dite ho vyu\u017eijete aj vy. Deti ho m\u00f4\u017eu darova\u0165 mami\u010dke ku D\u0148u matiek (12. m\u00e1ja) alebo n\u00edm m\u00f4\u017eete pote\u0161i\u0165 svojich priate\u013eov pri pr\u00edle\u017eitosti D\u0148a susedov, ktor\u00fd tento rok pripadne na 28. m\u00e1ja.<\/p>\n","protected":false},"featured_media":2755,"comment_status":"closed","ping_status":"closed","template":"","meta":[],"_links":{"self":[{"href":"https:\/\/btm.sk\/WP\/wp-json\/wp\/v2\/product\/1120"}],"collection":[{"href":"https:\/\/btm.sk\/WP\/wp-json\/wp\/v2\/product"}],"about":[{"href":"https:\/\/btm.sk\/WP\/wp-json\/wp\/v2\/types\/product"}],"replies":[{"embeddable":true,"href":"https:\/\/btm.sk\/WP\/wp-json\/wp\/v2\/comments?post=1120"}],"wp:featuredmedia":[{"embeddable":true,"href":"https:\/\/btm.sk\/WP\/wp-json\/wp\/v2\/media\/2755"}],"wp:attachment":[{"href":"https:\/\/btm.sk\/WP\/wp-json\/wp\/v2\/media?parent=1120"}],"curies":[{"name":"wp","href":"https:\/\/api.w.org\/{rel}","templated":true}]}}