{"id":1053,"date":"2017-12-02T22:09:10","date_gmt":"2017-12-02T21:09:10","guid":{"rendered":"http:\/\/btm.sk\/WP\/produkt\/keep%e2%98%ba\/"},"modified":"2024-03-21T14:19:24","modified_gmt":"2024-03-21T13:19:24","slug":"keep%e2%98%ba","status":"publish","type":"product","link":"https:\/\/btm.sk\/WP\/produkt\/keep%e2%98%ba\/","title":{"rendered":"Keep&#x263a;!"},"content":{"rendered":"","protected":false},"excerpt":{"rendered":"<p>Toto je smajl\u00edkov\u00e1 kocka. O\u010di znamenaj\u00fa body. Kocku m\u00f4\u017eete pou\u017ei\u0165 aj ako norm\u00e1lnu hraciu kocku alebo sa zahrajte pod\u013ea na\u0161ich n\u00e1vodov. Prajeme pr\u00edjemn\u00fa z\u00e1bavu! Keep&#x263a;!<\/p>\n","protected":false},"featured_media":2739,"comment_status":"closed","ping_status":"closed","template":"","meta":[],"_links":{"self":[{"href":"https:\/\/btm.sk\/WP\/wp-json\/wp\/v2\/product\/1053"}],"collection":[{"href":"https:\/\/btm.sk\/WP\/wp-json\/wp\/v2\/product"}],"about":[{"href":"https:\/\/btm.sk\/WP\/wp-json\/wp\/v2\/types\/product"}],"replies":[{"embeddable":true,"href":"https:\/\/btm.sk\/WP\/wp-json\/wp\/v2\/comments?post=1053"}],"wp:featuredmedia":[{"embeddable":true,"href":"https:\/\/btm.sk\/WP\/wp-json\/wp\/v2\/media\/2739"}],"wp:attachment":[{"href":"https:\/\/btm.sk\/WP\/wp-json\/wp\/v2\/media?parent=1053"}],"curies":[{"name":"wp","href":"https:\/\/api.w.org\/{rel}","templated":true}]}}