{"id":1052,"date":"2017-12-02T22:09:10","date_gmt":"2017-12-02T21:09:10","guid":{"rendered":"http:\/\/btm.sk\/WP\/produkt\/velkonocny-kviz-velkonocne-udalosti\/"},"modified":"2025-11-07T08:31:57","modified_gmt":"2025-11-07T07:31:57","slug":"velkonocny-kviz-velkonocne-udalosti","status":"publish","type":"product","link":"https:\/\/btm.sk\/WP\/produkt\/velkonocny-kviz-velkonocne-udalosti\/","title":{"rendered":"Ve\u013ekono\u010dn\u00fd kv\u00edz &#8211; ve\u013ekono\u010dn\u00e9 udalosti"},"content":{"rendered":"","protected":false},"excerpt":{"rendered":"<p>Deti maj\u00fa vyl\u00fa\u0161ti\u0165 jednotliv\u00e9 tajni\u010dky, v ktor\u00fdch s\u00fa ukryt\u00e9 ve\u013ekono\u010dn\u00e9 udalosti a tie treba priradi\u0165 k t\u00fdmto d\u0148om: KVETN\u00c1 NEDE\u013dA, ZELEN\u00dd \u0160TVRTOK, VE\u013dK\u00dd PIATOK, BIELA SOBOTA a VE\u013dKONO\u010cN\u00c1 NEDE\u013dA. Spr\u00e1vni l\u00fa\u0161titelia bud\u00fa odmenen\u00ed!<\/p>\n","protected":false},"featured_media":2699,"comment_status":"closed","ping_status":"closed","template":"","meta":[],"_links":{"self":[{"href":"https:\/\/btm.sk\/WP\/wp-json\/wp\/v2\/product\/1052"}],"collection":[{"href":"https:\/\/btm.sk\/WP\/wp-json\/wp\/v2\/product"}],"about":[{"href":"https:\/\/btm.sk\/WP\/wp-json\/wp\/v2\/types\/product"}],"replies":[{"embeddable":true,"href":"https:\/\/btm.sk\/WP\/wp-json\/wp\/v2\/comments?post=1052"}],"wp:featuredmedia":[{"embeddable":true,"href":"https:\/\/btm.sk\/WP\/wp-json\/wp\/v2\/media\/2699"}],"wp:attachment":[{"href":"https:\/\/btm.sk\/WP\/wp-json\/wp\/v2\/media?parent=1052"}],"curies":[{"name":"wp","href":"https:\/\/api.w.org\/{rel}","templated":true}]}}