{"id":1039,"date":"2017-12-02T22:09:07","date_gmt":"2017-12-02T21:09:07","guid":{"rendered":"http:\/\/btm.sk\/WP\/produkt\/marnotratny-syn-vymalovanky\/"},"modified":"2025-02-10T15:39:05","modified_gmt":"2025-02-10T14:39:05","slug":"marnotratny-syn-vymalovanky","status":"publish","type":"product","link":"https:\/\/btm.sk\/WP\/produkt\/marnotratny-syn-vymalovanky\/","title":{"rendered":"M\u00e1rnotratn\u00fd syn \u2013 vyma\u013eov\u00e1nky"},"content":{"rendered":"","protected":false},"excerpt":{"rendered":"<p>Ob\u013e\u00faben\u00e9 vyma\u013eov\u00e1nky, tento raz so zn\u00e1mym pr\u00edbehom o m\u00e1rnotratnom synovi. Maj\u00fa 16 str\u00e1n a form\u00e1t A5.<\/p>\n","protected":false},"featured_media":2747,"comment_status":"closed","ping_status":"closed","template":"","meta":[],"_links":{"self":[{"href":"https:\/\/btm.sk\/WP\/wp-json\/wp\/v2\/product\/1039"}],"collection":[{"href":"https:\/\/btm.sk\/WP\/wp-json\/wp\/v2\/product"}],"about":[{"href":"https:\/\/btm.sk\/WP\/wp-json\/wp\/v2\/types\/product"}],"replies":[{"embeddable":true,"href":"https:\/\/btm.sk\/WP\/wp-json\/wp\/v2\/comments?post=1039"}],"wp:featuredmedia":[{"embeddable":true,"href":"https:\/\/btm.sk\/WP\/wp-json\/wp\/v2\/media\/2747"}],"wp:attachment":[{"href":"https:\/\/btm.sk\/WP\/wp-json\/wp\/v2\/media?parent=1039"}],"curies":[{"name":"wp","href":"https:\/\/api.w.org\/{rel}","templated":true}]}}