{"id":1038,"date":"2017-12-02T22:09:06","date_gmt":"2017-12-02T21:09:06","guid":{"rendered":"http:\/\/btm.sk\/WP\/produkt\/rozpravka-z-kuchyne\/"},"modified":"2022-10-06T21:26:56","modified_gmt":"2022-10-06T19:26:56","slug":"rozpravka-z-kuchyne","status":"publish","type":"product","link":"https:\/\/btm.sk\/WP\/produkt\/rozpravka-z-kuchyne\/","title":{"rendered":"Rozpr\u00e1vka z kuchyne"},"content":{"rendered":"","protected":false},"excerpt":{"rendered":"<p>Rozpr\u00e1vka Janky Nagajovej o oby\u010dajn\u00fdch veciach nach\u00e1dzaj\u00facich sa v ka\u017edej kuchyni.<\/p>\n","protected":false},"featured_media":2592,"comment_status":"closed","ping_status":"closed","template":"","meta":[],"_links":{"self":[{"href":"https:\/\/btm.sk\/WP\/wp-json\/wp\/v2\/product\/1038"}],"collection":[{"href":"https:\/\/btm.sk\/WP\/wp-json\/wp\/v2\/product"}],"about":[{"href":"https:\/\/btm.sk\/WP\/wp-json\/wp\/v2\/types\/product"}],"replies":[{"embeddable":true,"href":"https:\/\/btm.sk\/WP\/wp-json\/wp\/v2\/comments?post=1038"}],"wp:featuredmedia":[{"embeddable":true,"href":"https:\/\/btm.sk\/WP\/wp-json\/wp\/v2\/media\/2592"}],"wp:attachment":[{"href":"https:\/\/btm.sk\/WP\/wp-json\/wp\/v2\/media?parent=1038"}],"curies":[{"name":"wp","href":"https:\/\/api.w.org\/{rel}","templated":true}]}}