{"id":1035,"date":"2017-12-02T22:09:06","date_gmt":"2017-12-02T21:09:06","guid":{"rendered":"http:\/\/btm.sk\/WP\/produkt\/ja-idem-domov-a-ty\/"},"modified":"2025-12-01T13:32:03","modified_gmt":"2025-12-01T12:32:03","slug":"ja-idem-domov-a-ty","status":"publish","type":"product","link":"https:\/\/btm.sk\/WP\/produkt\/ja-idem-domov-a-ty\/","title":{"rendered":"Ja idem domov, a ty?"},"content":{"rendered":"","protected":false},"excerpt":{"rendered":"<p>Starnutie pre m\u0148a znamen\u00e1 pribli\u017eova\u0165 sa k cie\u013eu. Ja idem domov, do n\u00e1ru\u010dia svojho nebesk\u00e9ho Otca. Predo mnou u\u017e tou cestou pre\u0161iel P\u00e1n a s N\u00edm sa predsa dobre pozn\u00e1m! To s\u00fa slov\u00e1 \u010desk\u00e9ho biskupa Jaroslava \u0160karvadu&#8230;<\/p>\n","protected":false},"featured_media":2604,"comment_status":"closed","ping_status":"closed","template":"","meta":[],"_links":{"self":[{"href":"https:\/\/btm.sk\/WP\/wp-json\/wp\/v2\/product\/1035"}],"collection":[{"href":"https:\/\/btm.sk\/WP\/wp-json\/wp\/v2\/product"}],"about":[{"href":"https:\/\/btm.sk\/WP\/wp-json\/wp\/v2\/types\/product"}],"replies":[{"embeddable":true,"href":"https:\/\/btm.sk\/WP\/wp-json\/wp\/v2\/comments?post=1035"}],"wp:featuredmedia":[{"embeddable":true,"href":"https:\/\/btm.sk\/WP\/wp-json\/wp\/v2\/media\/2604"}],"wp:attachment":[{"href":"https:\/\/btm.sk\/WP\/wp-json\/wp\/v2\/media?parent=1035"}],"curies":[{"name":"wp","href":"https:\/\/api.w.org\/{rel}","templated":true}]}}