{"id":1025,"date":"2017-12-02T22:09:03","date_gmt":"2017-12-02T21:09:03","guid":{"rendered":"http:\/\/btm.sk\/WP\/produkt\/priatelske-tucniaky\/"},"modified":"2025-07-04T09:35:20","modified_gmt":"2025-07-04T07:35:20","slug":"priatelske-tucniaky","status":"publish","type":"product","link":"https:\/\/btm.sk\/WP\/produkt\/priatelske-tucniaky\/","title":{"rendered":"Priate\u013esk\u00e9 tu\u010dniaky"},"content":{"rendered":"","protected":false},"excerpt":{"rendered":"<p>B\u00e1sni\u010dka od O. Koudelovej o \u017eivote tu\u010dniakov, doplnen\u00e1 biblick\u00fdm cit\u00e1tom z 1. listu ap. Petra 4,9: Bu\u010fte navz\u00e1jom pohostinn\u00ed, v radostnej ochote\u2026<\/p>\n","protected":false},"featured_media":2720,"comment_status":"closed","ping_status":"closed","template":"","meta":[],"_links":{"self":[{"href":"https:\/\/btm.sk\/WP\/wp-json\/wp\/v2\/product\/1025"}],"collection":[{"href":"https:\/\/btm.sk\/WP\/wp-json\/wp\/v2\/product"}],"about":[{"href":"https:\/\/btm.sk\/WP\/wp-json\/wp\/v2\/types\/product"}],"replies":[{"embeddable":true,"href":"https:\/\/btm.sk\/WP\/wp-json\/wp\/v2\/comments?post=1025"}],"wp:featuredmedia":[{"embeddable":true,"href":"https:\/\/btm.sk\/WP\/wp-json\/wp\/v2\/media\/2720"}],"wp:attachment":[{"href":"https:\/\/btm.sk\/WP\/wp-json\/wp\/v2\/media?parent=1025"}],"curies":[{"name":"wp","href":"https:\/\/api.w.org\/{rel}","templated":true}]}}