{"id":1017,"date":"2017-12-02T22:09:01","date_gmt":"2017-12-02T21:09:01","guid":{"rendered":"http:\/\/btm.sk\/WP\/produkt\/doktor-datel\/"},"modified":"2025-07-04T09:35:20","modified_gmt":"2025-07-04T07:35:20","slug":"doktor-datel","status":"publish","type":"product","link":"https:\/\/btm.sk\/WP\/produkt\/doktor-datel\/","title":{"rendered":"Doktor \u010fate\u013e"},"content":{"rendered":"","protected":false},"excerpt":{"rendered":"<p>\u010eal\u0161ia b\u00e1sni\u010dka O. Koudelovej o zvieratk\u00e1ch, tento raz o lesnom doktorovi, u\u017eito\u010dnom \u010fat\u013eovi, s biblick\u00fdm ver\u0161om z knihy Skutkov 20, 35.<\/p>\n","protected":false},"featured_media":2721,"comment_status":"closed","ping_status":"closed","template":"","meta":[],"_links":{"self":[{"href":"https:\/\/btm.sk\/WP\/wp-json\/wp\/v2\/product\/1017"}],"collection":[{"href":"https:\/\/btm.sk\/WP\/wp-json\/wp\/v2\/product"}],"about":[{"href":"https:\/\/btm.sk\/WP\/wp-json\/wp\/v2\/types\/product"}],"replies":[{"embeddable":true,"href":"https:\/\/btm.sk\/WP\/wp-json\/wp\/v2\/comments?post=1017"}],"wp:featuredmedia":[{"embeddable":true,"href":"https:\/\/btm.sk\/WP\/wp-json\/wp\/v2\/media\/2721"}],"wp:attachment":[{"href":"https:\/\/btm.sk\/WP\/wp-json\/wp\/v2\/media?parent=1017"}],"curies":[{"name":"wp","href":"https:\/\/api.w.org\/{rel}","templated":true}]}}