{"id":1003,"date":"2017-12-02T22:08:57","date_gmt":"2017-12-02T21:08:57","guid":{"rendered":"http:\/\/btm.sk\/WP\/produkt\/biblicke-domino\/"},"modified":"2025-02-10T15:40:03","modified_gmt":"2025-02-10T14:40:03","slug":"biblicke-domino","status":"publish","type":"product","link":"https:\/\/btm.sk\/WP\/produkt\/biblicke-domino\/","title":{"rendered":"Biblick\u00e9 domino"},"content":{"rendered":"","protected":false},"excerpt":{"rendered":"<p>Zn\u00e1ma hra domino s obr\u00e1zkami \u2013 8 r\u00f4znych obr\u00e1zkov \u2013 symbolov Nov\u00e9ho z\u00e1kona. Nielen pre mal\u00fdch.<\/p>\n","protected":false},"featured_media":2695,"comment_status":"closed","ping_status":"closed","template":"","meta":[],"_links":{"self":[{"href":"https:\/\/btm.sk\/WP\/wp-json\/wp\/v2\/product\/1003"}],"collection":[{"href":"https:\/\/btm.sk\/WP\/wp-json\/wp\/v2\/product"}],"about":[{"href":"https:\/\/btm.sk\/WP\/wp-json\/wp\/v2\/types\/product"}],"replies":[{"embeddable":true,"href":"https:\/\/btm.sk\/WP\/wp-json\/wp\/v2\/comments?post=1003"}],"wp:featuredmedia":[{"embeddable":true,"href":"https:\/\/btm.sk\/WP\/wp-json\/wp\/v2\/media\/2695"}],"wp:attachment":[{"href":"https:\/\/btm.sk\/WP\/wp-json\/wp\/v2\/media?parent=1003"}],"curies":[{"name":"wp","href":"https:\/\/api.w.org\/{rel}","templated":true}]}}