{"id":1002,"date":"2017-12-02T22:08:56","date_gmt":"2017-12-02T21:08:56","guid":{"rendered":"http:\/\/btm.sk\/WP\/produkt\/mojzis-vymalovanky\/"},"modified":"2025-02-10T15:39:18","modified_gmt":"2025-02-10T14:39:18","slug":"mojzis-vymalovanky","status":"publish","type":"product","link":"https:\/\/btm.sk\/WP\/produkt\/mojzis-vymalovanky\/","title":{"rendered":"MOJ\u017dI\u0160 &#8211; vyma\u013eov\u00e1nky"},"content":{"rendered":"","protected":false},"excerpt":{"rendered":"<p>Vyma\u013eov\u00e1nky pre deti aj s pr\u00edbehom o Moj\u017ei\u0161ovi.<\/p>\n","protected":false},"featured_media":2748,"comment_status":"closed","ping_status":"closed","template":"","meta":[],"_links":{"self":[{"href":"https:\/\/btm.sk\/WP\/wp-json\/wp\/v2\/product\/1002"}],"collection":[{"href":"https:\/\/btm.sk\/WP\/wp-json\/wp\/v2\/product"}],"about":[{"href":"https:\/\/btm.sk\/WP\/wp-json\/wp\/v2\/types\/product"}],"replies":[{"embeddable":true,"href":"https:\/\/btm.sk\/WP\/wp-json\/wp\/v2\/comments?post=1002"}],"wp:featuredmedia":[{"embeddable":true,"href":"https:\/\/btm.sk\/WP\/wp-json\/wp\/v2\/media\/2748"}],"wp:attachment":[{"href":"https:\/\/btm.sk\/WP\/wp-json\/wp\/v2\/media?parent=1002"}],"curies":[{"name":"wp","href":"https:\/\/api.w.org\/{rel}","templated":true}]}}