{"id":7,"date":"2016-10-01T10:51:08","date_gmt":"2016-10-01T08:51:08","guid":{"rendered":"http:\/\/btm.sk\/WP\/?page_id=7"},"modified":"2016-10-01T10:51:08","modified_gmt":"2016-10-01T08:51:08","slug":"kto-sme","status":"publish","type":"page","link":"https:\/\/btm.sk\/WP\/kto-sme\/","title":{"rendered":"Kto sme"},"content":{"rendered":"<p>BTM je ob\u010dianske zdru\u017eenie, ktor\u00e9 vzniklo v r. 1992 v s\u00falade s platn\u00fdmi z\u00e1konmi v na\u0161ej republike. Najprv malo n\u00e1zov Brnensk\u00e1 tla\u010dov\u00e1 misia, preto\u017ee vzniklo v Brne, po rozdelen\u00ed republ\u00edk sa vytvorila na Slovensku samostatn\u00e1 jednotka, ktor\u00e1 od janu\u00e1ra 2001 nesie n\u00e1zov Bratislavsk\u00e1 tla\u010dov\u00e1 misia.<\/p>\n<p>BTM vznikla ako reakcia na stav v spolo\u010dnosti, v ktorej bola 40 rokov ni\u010den\u00e1 kres\u0165ansk\u00e1 mor\u00e1lka a potl\u00e1\u010dan\u00e1 viera v \u017eiv\u00e9ho Boha. V d\u00f4sledku toho n\u00e1m dnes ch\u00fdbaj\u00fa \u00faprimne veriaci \u013eudia v oblasti politiky, ekonomiky a vedy. Ch\u00fdbaj\u00fa na v\u00fdznamn\u00fdch miestach, kde by mohli zauja\u0165 rozhodn\u00fd biblick\u00fd postoj k mnoh\u00fdm citliv\u00fdm ot\u00e1zkam aktu\u00e1lnym v na\u0161ej spolo\u010dnosti. S pr\u00edchodom demokracie k n\u00e1m pri\u0161la aj sloboda vo v\u0161etk\u00fdch oblastiach \u017eivota a ve\u013emi r\u00fdchlo sa roz\u0161\u00edrili r\u00f4zne neduhy spolo\u010dnosti, ako drogy, n\u00e1silie, kriminalita, mravn\u00fd \u00fapadok a pod. Tak\u00e1to situ\u00e1cia je v\u00fdzvou pre ka\u017ed\u00e9ho kres\u0165ana. Poslan\u00edm BTM je pom\u00f4c\u0165 mu pri \u0161\u00edren\u00ed kres\u0165ansk\u00e9ho posolstva n\u00e1deje, viery a l\u00e1sky a obnove duchovn\u00e9ho \u017eivota celej spolo\u010dnosti. Za jedin\u00fa autoritu rozhoduj\u00facu v ot\u00e1zkach viery uzn\u00e1va Bo\u017eie zjavenie obsiahnut\u00e9 v P\u00edsme sv\u00e4tom v Biblii.<\/p>\n<p>BTM nepatr\u00ed \u017eiadnej cirkvi, je v\u0161ak \u010dlenom Evanjelickej aliancie na Slovensku. Spolupracuje so v\u0161etk\u00fdmi \u0161t\u00e1tom uznan\u00fdmi cirkvami a jej organiz\u00e1ciami (ako s\u00fa charitn\u00e9 domovy, \u0161koly, domovy pre star\u00fdch a deti, \u0161peci\u00e1lne \u00fastavy, diakonia, SEM a pod.) doma i v zahrani\u010d\u00ed. Evanjeliza\u010dn\u00e9 let\u00e1ky, ktor\u00e9 vyd\u00e1va sl\u00fa\u017eia ako prv\u00e1 pomoc pre mnoh\u00fdch \u013eud\u00ed ako prv\u00fd kontakt s evanjeliom a za\u010diatok na ceste viery. Vedenie a \u010fal\u0161iu starostlivos\u0165 o t\u00fdchto \u013eud\u00ed prenech\u00e1va zborom, ktor\u00e9 reprezentuj\u00fa Kristovo telo na zemi.<\/p>\n","protected":false},"excerpt":{"rendered":"<p>BTM je ob\u010dianske zdru\u017eenie, ktor\u00e9 vzniklo v r. 1992 v s\u00falade s platn\u00fdmi z\u00e1konmi v na\u0161ej republike. Najprv malo n\u00e1zov Brnensk\u00e1 tla\u010dov\u00e1 misia, preto\u017ee vzniklo v Brne, po rozdelen\u00ed republ\u00edk sa vytvorila na Slovensku samostatn\u00e1 jednotka, ktor\u00e1 od janu\u00e1ra 2001 nesie n\u00e1zov Bratislavsk\u00e1 tla\u010dov\u00e1 misia. BTM vznikla ako reakcia na stav v spolo\u010dnosti, v ktorej [&hellip;]<\/p>\n","protected":false},"author":1,"featured_media":0,"parent":0,"menu_order":0,"comment_status":"closed","ping_status":"closed","template":"","meta":[],"_links":{"self":[{"href":"https:\/\/btm.sk\/WP\/wp-json\/wp\/v2\/pages\/7"}],"collection":[{"href":"https:\/\/btm.sk\/WP\/wp-json\/wp\/v2\/pages"}],"about":[{"href":"https:\/\/btm.sk\/WP\/wp-json\/wp\/v2\/types\/page"}],"author":[{"embeddable":true,"href":"https:\/\/btm.sk\/WP\/wp-json\/wp\/v2\/users\/1"}],"replies":[{"embeddable":true,"href":"https:\/\/btm.sk\/WP\/wp-json\/wp\/v2\/comments?post=7"}],"version-history":[{"count":1,"href":"https:\/\/btm.sk\/WP\/wp-json\/wp\/v2\/pages\/7\/revisions"}],"predecessor-version":[{"id":8,"href":"https:\/\/btm.sk\/WP\/wp-json\/wp\/v2\/pages\/7\/revisions\/8"}],"wp:attachment":[{"href":"https:\/\/btm.sk\/WP\/wp-json\/wp\/v2\/media?parent=7"}],"curies":[{"name":"wp","href":"https:\/\/api.w.org\/{rel}","templated":true}]}}