{"id":44,"date":"2016-10-03T00:28:33","date_gmt":"2016-10-02T22:28:33","guid":{"rendered":"http:\/\/btm.sk\/WP\/?page_id=44"},"modified":"2016-10-03T00:31:26","modified_gmt":"2016-10-02T22:31:26","slug":"kazdy-sa-moze-zapojit","status":"publish","type":"page","link":"https:\/\/btm.sk\/WP\/kto-sme\/kazdy-sa-moze-zapojit\/","title":{"rendered":"Ka\u017ed\u00fd sa m\u00f4\u017ee zapoji\u0165!"},"content":{"rendered":"<p>Misijn\u00e9 organiz\u00e1cie sa v\u00e4\u010d\u0161inou \u0161pecializuj\u00fa na r\u00f4zne skupiny obyvate\u013eov a to si oby\u010dajne vy\u017eaduje \u0161kolen\u00fdch pracovn\u00edkov. BTM v\u0161ak pon\u00faka tak\u00fd sp\u00f4sob misijnej pr\u00e1ce, ktor\u00fd zvl\u00e1dne ka\u017ed\u00fd z v\u00e1s. Pr\u00e1ca s let\u00e1\u010dikmi je ve\u013emi jednoduch\u00e1, zapoji\u0165 sa do nej m\u00f4\u017ee naozaj ka\u017ed\u00fd. Chceme v\u00e1s povzbudi\u0165 do osobnej evanjeliz\u00e1cie. Let\u00e1ky sl\u00fa\u017eia na u\u013eah\u010denie prv\u00e9ho kontaktu pri stretnut\u00ed, s ich pomocou sa m\u00f4\u017eu evanjeliz\u00e1cie z\u00fa\u010dastni\u0165 aj tak\u00ed, ktor\u00ed nemaj\u00fa odvahu priamo oslovi\u0165 \u013eud\u00ed. Ka\u017ed\u00fd to iste pozn\u00e1te: vr\u00e1tite sa domov a c\u00edtite, \u017ee ste sklamali pri vyd\u00e1van\u00ed svedectva. Aj ste chceli, ale nevedeli ste, ako za\u010da\u0165. A pritom sta\u010dilo tak m\u00e1lo &#8211; vybra\u0165 z vrecka let\u00e1\u010dik a pon\u00faknu\u0165 ho hoci na rozl\u00fa\u010dku.<\/p>\n","protected":false},"excerpt":{"rendered":"<p>Misijn\u00e9 organiz\u00e1cie sa v\u00e4\u010d\u0161inou \u0161pecializuj\u00fa na r\u00f4zne skupiny obyvate\u013eov a to si oby\u010dajne vy\u017eaduje \u0161kolen\u00fdch pracovn\u00edkov. BTM v\u0161ak pon\u00faka tak\u00fd sp\u00f4sob misijnej pr\u00e1ce, ktor\u00fd zvl\u00e1dne ka\u017ed\u00fd z v\u00e1s. Pr\u00e1ca s let\u00e1\u010dikmi je ve\u013emi jednoduch\u00e1, zapoji\u0165 sa do nej m\u00f4\u017ee naozaj ka\u017ed\u00fd. Chceme v\u00e1s povzbudi\u0165 do osobnej evanjeliz\u00e1cie. Let\u00e1ky sl\u00fa\u017eia na u\u013eah\u010denie prv\u00e9ho kontaktu pri stretnut\u00ed, [&hellip;]<\/p>\n","protected":false},"author":1,"featured_media":0,"parent":7,"menu_order":3,"comment_status":"closed","ping_status":"closed","template":"","meta":[],"_links":{"self":[{"href":"https:\/\/btm.sk\/WP\/wp-json\/wp\/v2\/pages\/44"}],"collection":[{"href":"https:\/\/btm.sk\/WP\/wp-json\/wp\/v2\/pages"}],"about":[{"href":"https:\/\/btm.sk\/WP\/wp-json\/wp\/v2\/types\/page"}],"author":[{"embeddable":true,"href":"https:\/\/btm.sk\/WP\/wp-json\/wp\/v2\/users\/1"}],"replies":[{"embeddable":true,"href":"https:\/\/btm.sk\/WP\/wp-json\/wp\/v2\/comments?post=44"}],"version-history":[{"count":1,"href":"https:\/\/btm.sk\/WP\/wp-json\/wp\/v2\/pages\/44\/revisions"}],"predecessor-version":[{"id":46,"href":"https:\/\/btm.sk\/WP\/wp-json\/wp\/v2\/pages\/44\/revisions\/46"}],"up":[{"embeddable":true,"href":"https:\/\/btm.sk\/WP\/wp-json\/wp\/v2\/pages\/7"}],"wp:attachment":[{"href":"https:\/\/btm.sk\/WP\/wp-json\/wp\/v2\/media?parent=44"}],"curies":[{"name":"wp","href":"https:\/\/api.w.org\/{rel}","templated":true}]}}