{"id":4,"date":"2016-10-01T10:27:19","date_gmt":"2016-10-01T08:27:19","guid":{"rendered":"http:\/\/btm.sk\/WP\/?page_id=4"},"modified":"2022-03-01T16:03:12","modified_gmt":"2022-03-01T15:03:12","slug":"kontakt","status":"publish","type":"page","link":"https:\/\/btm.sk\/WP\/kontakt\/","title":{"rendered":"Kontakt"},"content":{"rendered":"<p>BTM<br \/>P.O.Box 11<br \/>840 09 Bratislava 49<br \/>Slovensk\u00e1 republika<\/p>\n<p>+421 911 192 955<br \/><a href=\"mailto:btm@btm.sk\">btm@btm.sk<\/a><\/p>\n<p>\u010d\u00edslo \u00fa\u010dtu:<br \/>IBAN: SK97 0200 0000 0000 2083 6032<br \/>SWIFT: SUBASKBX<\/p>\n\n\n<p><\/p>\n","protected":false},"excerpt":{"rendered":"<p>BTMP.O.Box 11840 09 Bratislava 49Slovensk\u00e1 republika +421 911 192 955btm@btm.sk \u010d\u00edslo \u00fa\u010dtu:IBAN: SK97 0200 0000 0000 2083 6032SWIFT: SUBASKBX<\/p>\n","protected":false},"author":1,"featured_media":0,"parent":0,"menu_order":0,"comment_status":"closed","ping_status":"closed","template":"","meta":[],"_links":{"self":[{"href":"https:\/\/btm.sk\/WP\/wp-json\/wp\/v2\/pages\/4"}],"collection":[{"href":"https:\/\/btm.sk\/WP\/wp-json\/wp\/v2\/pages"}],"about":[{"href":"https:\/\/btm.sk\/WP\/wp-json\/wp\/v2\/types\/page"}],"author":[{"embeddable":true,"href":"https:\/\/btm.sk\/WP\/wp-json\/wp\/v2\/users\/1"}],"replies":[{"embeddable":true,"href":"https:\/\/btm.sk\/WP\/wp-json\/wp\/v2\/comments?post=4"}],"version-history":[{"count":4,"href":"https:\/\/btm.sk\/WP\/wp-json\/wp\/v2\/pages\/4\/revisions"}],"predecessor-version":[{"id":4796,"href":"https:\/\/btm.sk\/WP\/wp-json\/wp\/v2\/pages\/4\/revisions\/4796"}],"wp:attachment":[{"href":"https:\/\/btm.sk\/WP\/wp-json\/wp\/v2\/media?parent=4"}],"curies":[{"name":"wp","href":"https:\/\/api.w.org\/{rel}","templated":true}]}}