{"id":158,"date":"2017-09-16T12:27:26","date_gmt":"2017-09-16T10:27:26","guid":{"rendered":"http:\/\/btm.sk\/WP\/moj-ucet\/"},"modified":"2017-09-16T12:27:26","modified_gmt":"2017-09-16T10:27:26","slug":"moj-ucet","status":"publish","type":"page","link":"https:\/\/btm.sk\/WP\/moj-ucet\/","title":{"rendered":"M\u00f4j \u00fa\u010det"},"content":{"rendered":"<div class=\"woocommerce\"><\/div>\n","protected":false},"excerpt":{"rendered":"","protected":false},"author":1,"featured_media":0,"parent":0,"menu_order":0,"comment_status":"closed","ping_status":"closed","template":"","meta":[],"_links":{"self":[{"href":"https:\/\/btm.sk\/WP\/wp-json\/wp\/v2\/pages\/158"}],"collection":[{"href":"https:\/\/btm.sk\/WP\/wp-json\/wp\/v2\/pages"}],"about":[{"href":"https:\/\/btm.sk\/WP\/wp-json\/wp\/v2\/types\/page"}],"author":[{"embeddable":true,"href":"https:\/\/btm.sk\/WP\/wp-json\/wp\/v2\/users\/1"}],"replies":[{"embeddable":true,"href":"https:\/\/btm.sk\/WP\/wp-json\/wp\/v2\/comments?post=158"}],"version-history":[{"count":0,"href":"https:\/\/btm.sk\/WP\/wp-json\/wp\/v2\/pages\/158\/revisions"}],"wp:attachment":[{"href":"https:\/\/btm.sk\/WP\/wp-json\/wp\/v2\/media?parent=158"}],"curies":[{"name":"wp","href":"https:\/\/api.w.org\/{rel}","templated":true}]}}